{"id":727,"date":"2024-05-13T15:44:10","date_gmt":"2024-05-13T13:44:10","guid":{"rendered":"https:\/\/alexperez.cat\/declaracion-de-accesibilidad\/"},"modified":"2024-05-14T14:11:22","modified_gmt":"2024-05-14T12:11:22","slug":"declaracion-de-accesibilidad","status":"publish","type":"page","link":"https:\/\/alexperez.cat\/es\/declaracion-de-accesibilidad\/","title":{"rendered":"Declaraci\u00f3n de accesibilidad"},"content":{"rendered":"\n<p>Alex Perez Basaga\u00f1as se ha comprometido a hacer accesible su sitio web de conformidad con el Real Decreto 1112\/2018, de 7 de septiembre, sobre accesibilidad de los sitios web y aplicaciones para dispositivos m\u00f3viles del sector p\u00fablico.<\/p>\n\n\n\n<p>La presente declaraci\u00f3n de accesibilidad se aplica al sitio web&nbsp;<a href=\"https:\/\/lavegagrill.com\/\">https:\/\/alexperez.cat<\/a><\/p>\n\n\n\n<h3 class=\"wp-block-heading\"><strong>SITUACI\u00d3N DE CUMPLIMIENTO<\/strong><\/h3>\n\n\n\n<p>Este sitio web es plenamente conforme con el RD 1112\/2018, de 7 de septiembre, debido a las excepciones y a la falta de conformidad de los aspectos que se indican a continuaci\u00f3n.&nbsp;<\/p>\n\n\n\n<p>Cumple en WCAG AA y WCAG AAA.&nbsp;<\/p>\n\n\n\n<h3 class=\"wp-block-heading\">PREPARACI\u00d3N DE LA PRESENTE DECLARACI\u00d3N DE ACCESIBILIDAD<\/h3>\n\n\n\n<p>La presente declaraci\u00f3n fue preparada el 11 de marzo de 2024.&nbsp;<\/p>\n\n\n\n<p>El m\u00e9todo empleado para preparar la declaraci\u00f3n ha sido una autoevaluaci\u00f3n llevada a cabo por el responsable de accesibilidad.&nbsp;<\/p>\n\n\n\n<p>\u00daltima revisi\u00f3n de la declaraci\u00f3n: 11 de marzo de 2024.<\/p>\n\n\n\n<h3 class=\"wp-block-heading\"><strong>OBSERVACIONES Y DATOS DE CONTACTO<\/strong><\/h3>\n\n\n\n<p>Puede realizar comunicaciones sobre requisitos de accesibilidad (art\u00edculo 10.2.a) del Real Decreto 1112\/2018, de 7 de septiembre) como, por ejemplo:&nbsp;<\/p>\n\n\n\n<ul class=\"wp-block-list\">\n<li>Informar sobre cualquier posible incumplimiento por parte de este sitio web.<\/li>\n\n\n\n<li>Transmitir otras dificultades de acceso al contenido.<\/li>\n\n\n\n<li>Formular cualquier otra consulta o sugerencia de mejora relativa a la accesibilidad del sitio web.<\/li>\n<\/ul>\n\n\n\n<p>Utilizando las siguientes v\u00edas:&nbsp;<\/p>\n\n\n\n<p>Correo electr\u00f3nico:\u00a0<a href=\"mailto:compras@lavegagrill.com\"><a href=\"mailto:dades@alexperez.cat\" target=\"_blank\" rel=\"noreferrer noopener\">dades@alexperez.cat<\/a><\/a><br>Tel\u00e9fono: <a href=\"tel:+34689797334\" target=\"_blank\" rel=\"noreferrer noopener\">+34 689 79 73 34<\/a><\/p>\n\n\n\n<h3 class=\"wp-block-heading\"><strong>PROCEDIMIENTO DE APLICACI\u00d3N<\/strong><\/h3>\n\n\n\n<p>A trav\u00e9s de este procedimiento podr\u00e1 iniciar una reclamaci\u00f3n para conocer y oponerse a los motivos de la desestimaci\u00f3n de una solicitud de informaci\u00f3n accesible o queja, instar la adopci\u00f3n de las medidas oportunas en el caso de no estar de acuerdo con la decisi\u00f3n adoptada, o exponer las razones por las que se considera que la respuesta no cumple con los requisitos exigidos.<br>Correo electr\u00f3nico:\u00a0<a href=\"mailto:compras@lavegagrill.com\"><\/a><a href=\"mailto:compras@lavegagrill.com\"><a href=\"mailto:dades@alexperez.cat\" target=\"_blank\" rel=\"noreferrer noopener\">dades@alexperez.cat<\/a><\/a><\/p>\n\n\n\n<h3 class=\"wp-block-heading\"><strong>CONTENIDO OPCIONAL<\/strong><\/h3>\n\n\n\n<p>La versi\u00f3n actualmente visible de este sitio web es de febrero de 2024.<br>A partir de dicha fecha se llevan a cabo revisiones parciales de los contenidos, tanto de las plantillas como de las p\u00e1ginas y documentos finales publicados, a fin de asegurar el cumplimiento de los requerimientos de accesibilidad que actualmente son los de A y AA de la norma WCAG 2.1, considerando las excepciones del Real Decreto 1112\/2018, de 7 de septiembre.<\/p>\n","protected":false},"excerpt":{"rendered":"<p>Alex Perez Basaga\u00f1as se ha comprometido a hacer accesible su sitio web de conformidad con el Real Decreto 1112\/2018, de 7 de septiembre, sobre accesibilidad de los sitios web y aplicaciones para dispositivos m\u00f3viles del sector p\u00fablico. La presente declaraci\u00f3n de accesibilidad se aplica al sitio web&nbsp;https:\/\/alexperez.cat SITUACI\u00d3N DE CUMPLIMIENTO Este sitio web es plenamente [&hellip;]<\/p>\n","protected":false},"author":1,"featured_media":0,"parent":0,"menu_order":0,"comment_status":"closed","ping_status":"closed","template":"","meta":{"_acf_changed":false,"footnotes":""},"class_list":["post-727","page","type-page","status-publish","hentry"],"acf":[],"yoast_head":"<!-- This site is optimized with the Yoast SEO plugin v25.9 - https:\/\/yoast.com\/wordpress\/plugins\/seo\/ -->\n<title>Declaraci\u00f3n de accesibilidad - \u00c0lex P\u00e9rez<\/title>\n<meta name=\"robots\" content=\"index, follow, max-snippet:-1, max-image-preview:large, max-video-preview:-1\" \/>\n<link rel=\"canonical\" href=\"https:\/\/alexperez.cat\/es\/declaracion-de-accesibilidad\/\" \/>\n<meta property=\"og:locale\" content=\"es_ES\" \/>\n<meta property=\"og:type\" content=\"article\" \/>\n<meta property=\"og:title\" content=\"Declaraci\u00f3n de accesibilidad - \u00c0lex P\u00e9rez\" \/>\n<meta property=\"og:description\" content=\"Alex Perez Basaga\u00f1as se ha comprometido a hacer accesible su sitio web de conformidad con el Real Decreto 1112\/2018, de 7 de septiembre, sobre accesibilidad de los sitios web y aplicaciones para dispositivos m\u00f3viles del sector p\u00fablico. La presente declaraci\u00f3n de accesibilidad se aplica al sitio web&nbsp;https:\/\/alexperez.cat SITUACI\u00d3N DE CUMPLIMIENTO Este sitio web es plenamente [&hellip;]\" \/>\n<meta property=\"og:url\" content=\"https:\/\/alexperez.cat\/es\/declaracion-de-accesibilidad\/\" \/>\n<meta property=\"og:site_name\" content=\"\u00c0lex P\u00e9rez\" \/>\n<meta property=\"article:modified_time\" content=\"2024-05-14T12:11:22+00:00\" \/>\n<meta name=\"twitter:card\" content=\"summary_large_image\" \/>\n<meta name=\"twitter:label1\" content=\"Tiempo de lectura\" \/>\n\t<meta name=\"twitter:data1\" content=\"2 minutos\" \/>\n<script type=\"application\/ld+json\" class=\"yoast-schema-graph\">{\"@context\":\"https:\/\/schema.org\",\"@graph\":[{\"@type\":\"WebPage\",\"@id\":\"https:\/\/alexperez.cat\/es\/declaracion-de-accesibilidad\/\",\"url\":\"https:\/\/alexperez.cat\/es\/declaracion-de-accesibilidad\/\",\"name\":\"Declaraci\u00f3n de accesibilidad - \u00c0lex P\u00e9rez\",\"isPartOf\":{\"@id\":\"https:\/\/alexperez.cat\/#website\"},\"datePublished\":\"2024-05-13T13:44:10+00:00\",\"dateModified\":\"2024-05-14T12:11:22+00:00\",\"breadcrumb\":{\"@id\":\"https:\/\/alexperez.cat\/es\/declaracion-de-accesibilidad\/#breadcrumb\"},\"inLanguage\":\"es\",\"potentialAction\":[{\"@type\":\"ReadAction\",\"target\":[\"https:\/\/alexperez.cat\/es\/declaracion-de-accesibilidad\/\"]}]},{\"@type\":\"BreadcrumbList\",\"@id\":\"https:\/\/alexperez.cat\/es\/declaracion-de-accesibilidad\/#breadcrumb\",\"itemListElement\":[{\"@type\":\"ListItem\",\"position\":1,\"name\":\"Inici\",\"item\":\"https:\/\/alexperez.cat\/es\/\"},{\"@type\":\"ListItem\",\"position\":2,\"name\":\"Declaraci\u00f3n de accesibilidad\"}]},{\"@type\":\"WebSite\",\"@id\":\"https:\/\/alexperez.cat\/#website\",\"url\":\"https:\/\/alexperez.cat\/\",\"name\":\"\u00c0lex P\u00e9rez\",\"description\":\"\u00c0lex P\u00e9rez\",\"potentialAction\":[{\"@type\":\"SearchAction\",\"target\":{\"@type\":\"EntryPoint\",\"urlTemplate\":\"https:\/\/alexperez.cat\/?s={search_term_string}\"},\"query-input\":{\"@type\":\"PropertyValueSpecification\",\"valueRequired\":true,\"valueName\":\"search_term_string\"}}],\"inLanguage\":\"es\"}]}<\/script>\n<!-- \/ Yoast SEO plugin. -->","yoast_head_json":{"title":"Declaraci\u00f3n de accesibilidad - \u00c0lex P\u00e9rez","robots":{"index":"index","follow":"follow","max-snippet":"max-snippet:-1","max-image-preview":"max-image-preview:large","max-video-preview":"max-video-preview:-1"},"canonical":"https:\/\/alexperez.cat\/es\/declaracion-de-accesibilidad\/","og_locale":"es_ES","og_type":"article","og_title":"Declaraci\u00f3n de accesibilidad - \u00c0lex P\u00e9rez","og_description":"Alex Perez Basaga\u00f1as se ha comprometido a hacer accesible su sitio web de conformidad con el Real Decreto 1112\/2018, de 7 de septiembre, sobre accesibilidad de los sitios web y aplicaciones para dispositivos m\u00f3viles del sector p\u00fablico. La presente declaraci\u00f3n de accesibilidad se aplica al sitio web&nbsp;https:\/\/alexperez.cat SITUACI\u00d3N DE CUMPLIMIENTO Este sitio web es plenamente [&hellip;]","og_url":"https:\/\/alexperez.cat\/es\/declaracion-de-accesibilidad\/","og_site_name":"\u00c0lex P\u00e9rez","article_modified_time":"2024-05-14T12:11:22+00:00","twitter_card":"summary_large_image","twitter_misc":{"Tiempo de lectura":"2 minutos"},"schema":{"@context":"https:\/\/schema.org","@graph":[{"@type":"WebPage","@id":"https:\/\/alexperez.cat\/es\/declaracion-de-accesibilidad\/","url":"https:\/\/alexperez.cat\/es\/declaracion-de-accesibilidad\/","name":"Declaraci\u00f3n de accesibilidad - \u00c0lex P\u00e9rez","isPartOf":{"@id":"https:\/\/alexperez.cat\/#website"},"datePublished":"2024-05-13T13:44:10+00:00","dateModified":"2024-05-14T12:11:22+00:00","breadcrumb":{"@id":"https:\/\/alexperez.cat\/es\/declaracion-de-accesibilidad\/#breadcrumb"},"inLanguage":"es","potentialAction":[{"@type":"ReadAction","target":["https:\/\/alexperez.cat\/es\/declaracion-de-accesibilidad\/"]}]},{"@type":"BreadcrumbList","@id":"https:\/\/alexperez.cat\/es\/declaracion-de-accesibilidad\/#breadcrumb","itemListElement":[{"@type":"ListItem","position":1,"name":"Inici","item":"https:\/\/alexperez.cat\/es\/"},{"@type":"ListItem","position":2,"name":"Declaraci\u00f3n de accesibilidad"}]},{"@type":"WebSite","@id":"https:\/\/alexperez.cat\/#website","url":"https:\/\/alexperez.cat\/","name":"\u00c0lex P\u00e9rez","description":"\u00c0lex P\u00e9rez","potentialAction":[{"@type":"SearchAction","target":{"@type":"EntryPoint","urlTemplate":"https:\/\/alexperez.cat\/?s={search_term_string}"},"query-input":{"@type":"PropertyValueSpecification","valueRequired":true,"valueName":"search_term_string"}}],"inLanguage":"es"}]}},"_links":{"self":[{"href":"https:\/\/alexperez.cat\/es\/wp-json\/wp\/v2\/pages\/727","targetHints":{"allow":["GET"]}}],"collection":[{"href":"https:\/\/alexperez.cat\/es\/wp-json\/wp\/v2\/pages"}],"about":[{"href":"https:\/\/alexperez.cat\/es\/wp-json\/wp\/v2\/types\/page"}],"author":[{"embeddable":true,"href":"https:\/\/alexperez.cat\/es\/wp-json\/wp\/v2\/users\/1"}],"replies":[{"embeddable":true,"href":"https:\/\/alexperez.cat\/es\/wp-json\/wp\/v2\/comments?post=727"}],"version-history":[{"count":1,"href":"https:\/\/alexperez.cat\/es\/wp-json\/wp\/v2\/pages\/727\/revisions"}],"predecessor-version":[{"id":729,"href":"https:\/\/alexperez.cat\/es\/wp-json\/wp\/v2\/pages\/727\/revisions\/729"}],"wp:attachment":[{"href":"https:\/\/alexperez.cat\/es\/wp-json\/wp\/v2\/media?parent=727"}],"curies":[{"name":"wp","href":"https:\/\/api.w.org\/{rel}","templated":true}]}}